{"id":119,"date":"2024-04-05T13:53:17","date_gmt":"2024-04-05T13:53:17","guid":{"rendered":"https:\/\/cooperpac.com\/?page_id=119"},"modified":"2024-08-19T12:07:44","modified_gmt":"2024-08-19T12:07:44","slug":"servicos","status":"publish","type":"page","link":"https:\/\/cooperpac.com\/index.php\/servicos\/","title":{"rendered":"Servi\u00e7os"},"content":{"rendered":"\n<p> <\/p>\n\n\n\n<div class=\"wp-block-group alignfull is-layout-constrained wp-container-core-group-is-layout-2 wp-block-group-is-layout-constrained\" style=\"margin-top:0px;margin-bottom:0px;padding-top:var(--wp--preset--spacing--80);padding-right:var(--wp--preset--spacing--40);padding-bottom:var(--wp--preset--spacing--80);padding-left:var(--wp--preset--spacing--40)\">\n<div class=\"wp-block-group alignwide is-layout-flow wp-container-core-group-is-layout-1 wp-block-group-is-layout-flow\">\n<div class=\"wp-block-columns are-vertically-aligned-center has-raft-bg-alt-background-color has-background is-layout-flex wp-container-core-columns-is-layout-1 wp-block-columns-is-layout-flex\" style=\"padding-top:0px;padding-right:0px;padding-bottom:0px;padding-left:0px\">\n<div class=\"wp-block-column is-vertically-aligned-center is-layout-flow wp-block-column-is-layout-flow\" style=\"flex-basis:40%\">\n<figure class=\"wp-block-image size-full is-resized\"><img loading=\"lazy\" decoding=\"async\" width=\"1040\" height=\"780\" src=\"http:\/\/cooperpac.com\/wp-content\/uploads\/2024\/03\/cooperpac_caminhao-01.jpeg\" alt=\"\" class=\"wp-image-87\" style=\"width:372px;height:auto\"\/><\/figure>\n<\/div>\n\n\n\n<div class=\"wp-block-column is-vertically-aligned-center is-layout-flow wp-container-core-column-is-layout-2 wp-block-column-is-layout-flow\" style=\"padding-top:var(--wp--preset--spacing--50);padding-right:var(--wp--preset--spacing--50);padding-bottom:var(--wp--preset--spacing--50);padding-left:var(--wp--preset--spacing--50)\">\n<h3 class=\"wp-block-heading\">Coleta porta a porta. <\/h3>\n\n\n\n<p>Gest\u00e3o de res\u00edduos para bairros, condom\u00ednios, escolas e empresas.<\/p>\n\n\n\n<div class=\"wp-block-buttons is-layout-flex wp-block-buttons-is-layout-flex\">\n<div class=\"wp-block-button is-style-primary o-typing-delay-100ms o-typing-fast\"><a class=\"wp-block-button__link wp-element-button\" href=\"https:\/\/cooperpac.com\/index.php\/coleta-porta-a-porta\/\">SAIBA MAIS. <\/a><\/div>\n<\/div>\n<\/div>\n<\/div>\n<\/div>\n<\/div>\n\n\n\n<p><\/p>\n\n\n\n<div class=\"wp-block-group alignfull is-layout-constrained wp-container-core-group-is-layout-4 wp-block-group-is-layout-constrained\" style=\"margin-top:0px;margin-bottom:0px;padding-top:var(--wp--preset--spacing--80);padding-right:var(--wp--preset--spacing--40);padding-bottom:var(--wp--preset--spacing--80);padding-left:var(--wp--preset--spacing--40)\">\n<div class=\"wp-block-group alignwide is-layout-flow wp-container-core-group-is-layout-3 wp-block-group-is-layout-flow\">\n<div class=\"wp-block-columns are-vertically-aligned-center has-raft-bg-alt-background-color has-background is-layout-flex wp-container-core-columns-is-layout-2 wp-block-columns-is-layout-flex\" style=\"padding-top:0px;padding-right:0px;padding-bottom:0px;padding-left:0px\">\n<div class=\"wp-block-column is-vertically-aligned-center is-layout-flow wp-block-column-is-layout-flow\" style=\"flex-basis:40%\">\n<figure class=\"wp-block-image size-full is-resized\"><img loading=\"lazy\" decoding=\"async\" width=\"800\" height=\"600\" src=\"http:\/\/cooperpac.com\/wp-content\/uploads\/2024\/05\/sertificado.jpg\" alt=\"\" class=\"wp-image-265\" style=\"width:378px;height:auto\" srcset=\"https:\/\/cooperpac.com\/wp-content\/uploads\/2024\/05\/sertificado.jpg 800w, https:\/\/cooperpac.com\/wp-content\/uploads\/2024\/05\/sertificado-300x225.jpg 300w, https:\/\/cooperpac.com\/wp-content\/uploads\/2024\/05\/sertificado-768x576.jpg 768w\" sizes=\"auto, (max-width: 800px) 100vw, 800px\" \/><\/figure>\n<\/div>\n\n\n\n<div class=\"wp-block-column is-vertically-aligned-center is-layout-flow wp-container-core-column-is-layout-4 wp-block-column-is-layout-flow\" style=\"padding-top:var(--wp--preset--spacing--50);padding-right:var(--wp--preset--spacing--50);padding-bottom:var(--wp--preset--spacing--50);padding-left:var(--wp--preset--spacing--50)\">\n<h3 class=\"wp-block-heading\">Certificado de destina\u00e7\u00e3o final.<\/h3>\n\n\n\n<p>Seja um parceiro certificado Cooperpac.<\/p>\n\n\n\n<div class=\"wp-block-buttons is-layout-flex wp-block-buttons-is-layout-flex\">\n<div class=\"wp-block-button is-style-primary\"><a class=\"wp-block-button__link wp-element-button\" href=\"https:\/\/cooperpac.com\/index.php\/certificado-de-destinacao-final-de-residuos\/\">SAIBA MAIS.<\/a><\/div>\n<\/div>\n<\/div>\n<\/div>\n<\/div>\n<\/div>\n\n\n\n<div class=\"wp-block-group alignfull is-layout-constrained wp-container-core-group-is-layout-6 wp-block-group-is-layout-constrained\" style=\"margin-top:0px;margin-bottom:0px;padding-top:var(--wp--preset--spacing--80);padding-right:var(--wp--preset--spacing--40);padding-bottom:var(--wp--preset--spacing--80);padding-left:var(--wp--preset--spacing--40)\">\n<div class=\"wp-block-group alignwide is-layout-flow wp-container-core-group-is-layout-5 wp-block-group-is-layout-flow\">\n<div class=\"wp-block-columns are-vertically-aligned-center has-raft-bg-alt-background-color has-background is-layout-flex wp-container-core-columns-is-layout-3 wp-block-columns-is-layout-flex\" style=\"padding-top:0px;padding-right:0px;padding-bottom:0px;padding-left:0px\">\n<div class=\"wp-block-column is-vertically-aligned-center is-layout-flow wp-block-column-is-layout-flow\" style=\"flex-basis:40%\">\n<figure class=\"wp-block-image size-full is-resized\"><img loading=\"lazy\" decoding=\"async\" width=\"4032\" height=\"3024\" src=\"http:\/\/cooperpac.com\/wp-content\/uploads\/2024\/05\/vivencia-na-cooperpac.png\" alt=\"\" class=\"wp-image-285\" style=\"width:377px;height:auto\" srcset=\"https:\/\/cooperpac.com\/wp-content\/uploads\/2024\/05\/vivencia-na-cooperpac.png 4032w, https:\/\/cooperpac.com\/wp-content\/uploads\/2024\/05\/vivencia-na-cooperpac-300x225.png 300w, https:\/\/cooperpac.com\/wp-content\/uploads\/2024\/05\/vivencia-na-cooperpac-1024x768.png 1024w, https:\/\/cooperpac.com\/wp-content\/uploads\/2024\/05\/vivencia-na-cooperpac-768x576.png 768w, https:\/\/cooperpac.com\/wp-content\/uploads\/2024\/05\/vivencia-na-cooperpac-1536x1152.png 1536w, https:\/\/cooperpac.com\/wp-content\/uploads\/2024\/05\/vivencia-na-cooperpac-2048x1536.png 2048w\" sizes=\"auto, (max-width: 4032px) 100vw, 4032px\" \/><\/figure>\n<\/div>\n\n\n\n<div class=\"wp-block-column is-vertically-aligned-center is-layout-flow wp-container-core-column-is-layout-6 wp-block-column-is-layout-flow\" style=\"padding-top:var(--wp--preset--spacing--50);padding-right:var(--wp--preset--spacing--50);padding-bottom:var(--wp--preset--spacing--50);padding-left:var(--wp--preset--spacing--50)\">\n<h3 class=\"wp-block-heading\">Viv\u00eancia na Cooperativa.<\/h3>\n\n\n\n<p>Venha com sua equipe viv\u00eancia e ter uma experi\u00eancia dentro da cooperativa.<\/p>\n\n\n\n<div class=\"wp-block-buttons is-layout-flex wp-block-buttons-is-layout-flex\">\n<div class=\"wp-block-button is-style-primary o-typing-delay-3s\"><a class=\"wp-block-button__link wp-element-button\" href=\"https:\/\/cooperpac.com\/index.php\/vivencia-na-cooperativa-2\/\">SAIBA MAIS. <\/a><\/div>\n<\/div>\n<\/div>\n<\/div>\n<\/div>\n<\/div>\n\n\n\n<p><\/p>\n\n\n\n<div class=\"wp-block-group alignfull is-layout-constrained wp-container-core-group-is-layout-8 wp-block-group-is-layout-constrained\" style=\"margin-top:0px;margin-bottom:0px;padding-top:var(--wp--preset--spacing--80);padding-right:var(--wp--preset--spacing--40);padding-bottom:var(--wp--preset--spacing--80);padding-left:var(--wp--preset--spacing--40)\">\n<div class=\"wp-block-group alignwide is-layout-flow wp-container-core-group-is-layout-7 wp-block-group-is-layout-flow\">\n<div class=\"wp-block-columns are-vertically-aligned-center has-raft-bg-alt-background-color has-background is-layout-flex wp-container-core-columns-is-layout-4 wp-block-columns-is-layout-flex\" style=\"padding-top:0px;padding-right:0px;padding-bottom:0px;padding-left:0px\">\n<div class=\"wp-block-column is-vertically-aligned-center is-layout-flow wp-block-column-is-layout-flow\" style=\"flex-basis:40%\">\n<figure class=\"wp-block-image size-full is-resized\"><img loading=\"lazy\" decoding=\"async\" width=\"1080\" height=\"1080\" src=\"http:\/\/cooperpac.com\/wp-content\/uploads\/2024\/04\/educacao-ambiental-.jpg\" alt=\"\" class=\"wp-image-140\" style=\"width:309px;height:auto\" srcset=\"https:\/\/cooperpac.com\/wp-content\/uploads\/2024\/04\/educacao-ambiental-.jpg 1080w, https:\/\/cooperpac.com\/wp-content\/uploads\/2024\/04\/educacao-ambiental--300x300.jpg 300w, https:\/\/cooperpac.com\/wp-content\/uploads\/2024\/04\/educacao-ambiental--1024x1024.jpg 1024w, https:\/\/cooperpac.com\/wp-content\/uploads\/2024\/04\/educacao-ambiental--150x150.jpg 150w, https:\/\/cooperpac.com\/wp-content\/uploads\/2024\/04\/educacao-ambiental--768x768.jpg 768w\" sizes=\"auto, (max-width: 1080px) 100vw, 1080px\" \/><\/figure>\n<\/div>\n\n\n\n<div class=\"wp-block-column is-vertically-aligned-center is-layout-flow wp-container-core-column-is-layout-8 wp-block-column-is-layout-flow\" style=\"padding-top:var(--wp--preset--spacing--50);padding-right:var(--wp--preset--spacing--50);padding-bottom:var(--wp--preset--spacing--50);padding-left:var(--wp--preset--spacing--50)\">\n<h3 class=\"wp-block-heading\">Educa\u00e7\u00e3o Ambiental. <\/h3>\n\n\n\n<p>Educa\u00e7\u00e3o ambiental e mobiliza\u00e7\u00e3o social em institui\u00e7\u00f5es de ensino e em empresas.<\/p>\n\n\n\n<div class=\"wp-block-buttons is-layout-flex wp-block-buttons-is-layout-flex\">\n<div class=\"wp-block-button is-style-primary is-style-fill\"><a class=\"wp-block-button__link wp-element-button\" href=\"https:\/\/cooperpac.com\/index.php\/educacao-ambiental-2\/\">SAIBA MAIS.<\/a><\/div>\n<\/div>\n<\/div>\n<\/div>\n<\/div>\n<\/div>\n","protected":false},"excerpt":{"rendered":"<p>Coleta porta a porta. Gest\u00e3o de res\u00edduos para bairros, condom\u00ednios, escolas e empresas. Certificado de destina\u00e7\u00e3o final. Seja um parceiro certificado Cooperpac. Viv\u00eancia na Cooperativa. Venha com sua equipe viv\u00eancia e ter uma experi\u00eancia dentro da cooperativa. Educa\u00e7\u00e3o Ambiental. Educa\u00e7\u00e3o ambiental e mobiliza\u00e7\u00e3o social em institui\u00e7\u00f5es de ensino e em empresas.<\/p>\n","protected":false},"author":2,"featured_media":0,"parent":0,"menu_order":0,"comment_status":"closed","ping_status":"closed","template":"","meta":{"_themeisle_gutenberg_block_has_review":false,"footnotes":""},"class_list":["post-119","page","type-page","status-publish","hentry"],"_links":{"self":[{"href":"https:\/\/cooperpac.com\/index.php\/wp-json\/wp\/v2\/pages\/119","targetHints":{"allow":["GET"]}}],"collection":[{"href":"https:\/\/cooperpac.com\/index.php\/wp-json\/wp\/v2\/pages"}],"about":[{"href":"https:\/\/cooperpac.com\/index.php\/wp-json\/wp\/v2\/types\/page"}],"author":[{"embeddable":true,"href":"https:\/\/cooperpac.com\/index.php\/wp-json\/wp\/v2\/users\/2"}],"replies":[{"embeddable":true,"href":"https:\/\/cooperpac.com\/index.php\/wp-json\/wp\/v2\/comments?post=119"}],"version-history":[{"count":27,"href":"https:\/\/cooperpac.com\/index.php\/wp-json\/wp\/v2\/pages\/119\/revisions"}],"predecessor-version":[{"id":1023,"href":"https:\/\/cooperpac.com\/index.php\/wp-json\/wp\/v2\/pages\/119\/revisions\/1023"}],"wp:attachment":[{"href":"https:\/\/cooperpac.com\/index.php\/wp-json\/wp\/v2\/media?parent=119"}],"curies":[{"name":"wp","href":"https:\/\/api.w.org\/{rel}","templated":true}]}}