{"id":151,"date":"2024-04-12T12:29:43","date_gmt":"2024-04-12T12:29:43","guid":{"rendered":"https:\/\/cooperpac.com\/?page_id=151"},"modified":"2024-11-26T18:12:32","modified_gmt":"2024-11-26T18:12:32","slug":"coleta-porta-a-porta","status":"publish","type":"page","link":"https:\/\/cooperpac.com\/index.php\/coleta-porta-a-porta\/","title":{"rendered":"Coleta Porta-a-Porta"},"content":{"rendered":"\n<p>Servi\u00e7os de coletas de res\u00edduos para bairros, condom\u00ednios, escolas e empresas.&nbsp;<\/p>\n\n\n\n<div class=\"wp-block-group alignfull has-raft-bg-alt-background-color has-background is-layout-constrained wp-container-core-group-is-layout-3 wp-block-group-is-layout-constrained\" style=\"margin-top:0;margin-bottom:0;padding-top:var(--wp--preset--spacing--80);padding-right:var(--wp--preset--spacing--40);padding-bottom:var(--wp--preset--spacing--80);padding-left:var(--wp--preset--spacing--40)\">\n<div class=\"wp-block-group is-layout-flow wp-block-group-is-layout-flow\">\n<div style=\"height:40px\" aria-hidden=\"true\" class=\"wp-block-spacer\"><\/div>\n<\/div>\n\n\n\n<div class=\"wp-block-group alignwide is-layout-flow wp-block-group-is-layout-flow\">\n<div class=\"wp-block-columns is-layout-flex wp-container-core-columns-is-layout-1 wp-block-columns-is-layout-flex\">\n<div class=\"wp-block-column is-vertically-aligned-center is-layout-flow wp-container-core-column-is-layout-1 wp-block-column-is-layout-flow\">\n<p><strong>A Cooperpac \u00e9 a sua parceira na gest\u00e3o respons\u00e1vel de res\u00edduos!<\/strong><\/p>\n\n\n\n<p>Oferecemos um servi\u00e7o eficiente de coleta seletiva nos bairros da Zona Sul de S\u00e3o Paulo, garantindo a destina\u00e7\u00e3o correta e sustent\u00e1vel dos seus res\u00edduos. Trabalhamos com um sistema estruturado que atende resid\u00eancias, com\u00e9rcios, empresas, escolas e condom\u00ednios, contribuindo para a preserva\u00e7\u00e3o do meio ambiente.<\/p>\n\n\n\n<p>Com a Cooperpac, voc\u00ea tem a tranquilidade de saber que seus res\u00edduos ser\u00e3o tratados com responsabilidade, seguindo todas as normas ambientais e legais. Transforme a sua atitude em uma a\u00e7\u00e3o consciente e sustent\u00e1vel!<\/p>\n\n\n\n<p><strong>Benef\u00edcios de contratar a Cooperpac:<\/strong><\/p>\n\n\n\n<ul class=\"wp-block-list\">\n<li><strong>Sustentabilidade<\/strong>: reduzimos o impacto ambiental atrav\u00e9s da reciclagem.<\/li>\n\n\n\n<li><strong>Compromisso social<\/strong>: apoiamos cooperativas e incentivamos a economia circular.<\/li>\n\n\n\n<li><strong>Atendimento personalizado<\/strong>: solu\u00e7\u00f5es sob medida para a sua necessidade.<\/li>\n<\/ul>\n\n\n\n<p><strong>Entre em contato agora mesmo para saber mais sobre nossos servi\u00e7os e solicitar uma coleta seletiva!<\/strong><\/p>\n<\/div>\n\n\n\n<div class=\"wp-block-column is-layout-flow wp-block-column-is-layout-flow\">\n<figure class=\"wp-block-image size-full\"><img loading=\"lazy\" decoding=\"async\" width=\"1040\" height=\"780\" src=\"http:\/\/cooperpac.com\/wp-content\/uploads\/2024\/04\/cooperpac_caminhao-servicos-porta-a-porta-.jpeg\" alt=\"\" class=\"wp-image-139\" srcset=\"https:\/\/cooperpac.com\/wp-content\/uploads\/2024\/04\/cooperpac_caminhao-servicos-porta-a-porta-.jpeg 1040w, https:\/\/cooperpac.com\/wp-content\/uploads\/2024\/04\/cooperpac_caminhao-servicos-porta-a-porta--300x225.jpeg 300w, https:\/\/cooperpac.com\/wp-content\/uploads\/2024\/04\/cooperpac_caminhao-servicos-porta-a-porta--1024x768.jpeg 1024w, https:\/\/cooperpac.com\/wp-content\/uploads\/2024\/04\/cooperpac_caminhao-servicos-porta-a-porta--768x576.jpeg 768w\" sizes=\"auto, (max-width: 1040px) 100vw, 1040px\" \/><\/figure>\n<\/div>\n<\/div>\n<\/div>\n<\/div>\n","protected":false},"excerpt":{"rendered":"<p>Servi\u00e7os de coletas de res\u00edduos para bairros, condom\u00ednios, escolas e empresas.&nbsp; A Cooperpac \u00e9 a sua parceira na gest\u00e3o respons\u00e1vel de res\u00edduos! Oferecemos um servi\u00e7o eficiente de coleta seletiva nos bairros da Zona Sul de S\u00e3o Paulo, garantindo a destina\u00e7\u00e3o correta e sustent\u00e1vel dos seus res\u00edduos. Trabalhamos com um sistema estruturado que atende resid\u00eancias, com\u00e9rcios, [&hellip;]<\/p>\n","protected":false},"author":2,"featured_media":0,"parent":0,"menu_order":0,"comment_status":"closed","ping_status":"closed","template":"","meta":{"_themeisle_gutenberg_block_has_review":false,"footnotes":""},"class_list":["post-151","page","type-page","status-publish","hentry"],"_links":{"self":[{"href":"https:\/\/cooperpac.com\/index.php\/wp-json\/wp\/v2\/pages\/151","targetHints":{"allow":["GET"]}}],"collection":[{"href":"https:\/\/cooperpac.com\/index.php\/wp-json\/wp\/v2\/pages"}],"about":[{"href":"https:\/\/cooperpac.com\/index.php\/wp-json\/wp\/v2\/types\/page"}],"author":[{"embeddable":true,"href":"https:\/\/cooperpac.com\/index.php\/wp-json\/wp\/v2\/users\/2"}],"replies":[{"embeddable":true,"href":"https:\/\/cooperpac.com\/index.php\/wp-json\/wp\/v2\/comments?post=151"}],"version-history":[{"count":4,"href":"https:\/\/cooperpac.com\/index.php\/wp-json\/wp\/v2\/pages\/151\/revisions"}],"predecessor-version":[{"id":644,"href":"https:\/\/cooperpac.com\/index.php\/wp-json\/wp\/v2\/pages\/151\/revisions\/644"}],"wp:attachment":[{"href":"https:\/\/cooperpac.com\/index.php\/wp-json\/wp\/v2\/media?parent=151"}],"curies":[{"name":"wp","href":"https:\/\/api.w.org\/{rel}","templated":true}]}}