{"id":160,"date":"2024-04-12T12:38:59","date_gmt":"2024-04-12T12:38:59","guid":{"rendered":"https:\/\/cooperpac.com\/?page_id=160"},"modified":"2024-11-26T18:21:30","modified_gmt":"2024-11-26T18:21:30","slug":"educacao-ambiental-2","status":"publish","type":"page","link":"https:\/\/cooperpac.com\/index.php\/educacao-ambiental-2\/","title":{"rendered":"Educa\u00e7\u00e3o ambiental"},"content":{"rendered":"\n<p>Educa\u00e7\u00e3o ambiental e mobiliza\u00e7\u00e3o social em institui\u00e7\u00f5es de ensino e ambientes de trabalho.<\/p>\n\n\n\n<div class=\"wp-block-group alignfull is-layout-flow wp-container-core-group-is-layout-3 wp-block-group-is-layout-flow\" style=\"margin-top:0px;margin-bottom:0px;padding-top:0px;padding-right:0px;padding-bottom:0px;padding-left:0px\">\n<div class=\"wp-block-columns are-vertically-aligned-center is-layout-flex wp-container-core-columns-is-layout-1 wp-block-columns-is-layout-flex\">\n<div class=\"wp-block-column is-vertically-aligned-center is-layout-flow wp-block-column-is-layout-flow\" style=\"padding-top:32px;padding-right:32px;padding-bottom:32px;padding-left:32px\">\n<div class=\"wp-block-group is-layout-constrained wp-container-core-group-is-layout-1 wp-block-group-is-layout-constrained\">\n<p>A Cooperpac se dedica a oferecer servi\u00e7os de educa\u00e7\u00e3o ambiental tanto em ambientes de trabalho quanto em escolas localizadas nos bairros da zona sul de S\u00e3o Paulo. Nosso objetivo \u00e9 proporcionar experi\u00eancias educativas e transformadoras que promovam a conscientiza\u00e7\u00e3o sobre a import\u00e2ncia da reciclagem, a redu\u00e7\u00e3o de res\u00edduos e a preserva\u00e7\u00e3o do meio ambiente. Acreditamos que a\u00e7\u00f5es como essas contribuem significativamente para a constru\u00e7\u00e3o de uma sociedade mais sustent\u00e1vel e respons\u00e1vel.<\/p>\n\n\n\n<p>Nossas atividades incluem palestras interativas, oficinas pr\u00e1ticas e din\u00e2micas de grupo que demonstram o impacto positivo da reciclagem no dia a dia. Trabalhamos com crian\u00e7as, jovens e adultos, adaptando nossos conte\u00fados \u00e0s necessidades de cada p\u00fablico para garantir maior engajamento e aprendizado.<\/p>\n\n\n\n<div class=\"wp-block-buttons is-layout-flex wp-block-buttons-is-layout-flex\"><\/div>\n<\/div>\n<\/div>\n\n\n\n<div class=\"wp-block-column is-vertically-aligned-center has-raft-bg-alt-background-color has-background is-layout-flow wp-block-column-is-layout-flow\" style=\"padding-top:32px;padding-right:32px;padding-bottom:32px;padding-left:32px\">\n<figure class=\"wp-block-image aligncenter size-full is-resized\"><img loading=\"lazy\" decoding=\"async\" width=\"1080\" height=\"1080\" src=\"http:\/\/cooperpac.com\/wp-content\/uploads\/2024\/04\/educacao-ambiental-.jpg\" alt=\"\" class=\"wp-image-140\" style=\"width:318px;height:auto\" srcset=\"https:\/\/cooperpac.com\/wp-content\/uploads\/2024\/04\/educacao-ambiental-.jpg 1080w, https:\/\/cooperpac.com\/wp-content\/uploads\/2024\/04\/educacao-ambiental--300x300.jpg 300w, https:\/\/cooperpac.com\/wp-content\/uploads\/2024\/04\/educacao-ambiental--1024x1024.jpg 1024w, https:\/\/cooperpac.com\/wp-content\/uploads\/2024\/04\/educacao-ambiental--150x150.jpg 150w, https:\/\/cooperpac.com\/wp-content\/uploads\/2024\/04\/educacao-ambiental--768x768.jpg 768w\" sizes=\"auto, (max-width: 1080px) 100vw, 1080px\" \/><\/figure>\n<\/div>\n<\/div>\n\n\n\n<div class=\"wp-block-columns are-vertically-aligned-center is-layout-flex wp-container-core-columns-is-layout-2 wp-block-columns-is-layout-flex\">\n<div class=\"wp-block-column is-vertically-aligned-center has-raft-bg-alt-background-color has-background is-layout-flow wp-block-column-is-layout-flow\" style=\"padding-top:32px;padding-right:32px;padding-bottom:32px;padding-left:32px\">\n<figure class=\"wp-block-image aligncenter size-full is-resized\"><img loading=\"lazy\" decoding=\"async\" width=\"2480\" height=\"1754\" src=\"http:\/\/cooperpac.com\/wp-content\/uploads\/2024\/05\/ANIMA-LOGO-BAUHINIA_ECO_COLOR_POSITIVO-1.png\" alt=\"\" class=\"wp-image-246\" style=\"width:388px;height:auto\" srcset=\"https:\/\/cooperpac.com\/wp-content\/uploads\/2024\/05\/ANIMA-LOGO-BAUHINIA_ECO_COLOR_POSITIVO-1.png 2480w, https:\/\/cooperpac.com\/wp-content\/uploads\/2024\/05\/ANIMA-LOGO-BAUHINIA_ECO_COLOR_POSITIVO-1-300x212.png 300w, https:\/\/cooperpac.com\/wp-content\/uploads\/2024\/05\/ANIMA-LOGO-BAUHINIA_ECO_COLOR_POSITIVO-1-1024x724.png 1024w, https:\/\/cooperpac.com\/wp-content\/uploads\/2024\/05\/ANIMA-LOGO-BAUHINIA_ECO_COLOR_POSITIVO-1-768x543.png 768w, https:\/\/cooperpac.com\/wp-content\/uploads\/2024\/05\/ANIMA-LOGO-BAUHINIA_ECO_COLOR_POSITIVO-1-1536x1086.png 1536w, https:\/\/cooperpac.com\/wp-content\/uploads\/2024\/05\/ANIMA-LOGO-BAUHINIA_ECO_COLOR_POSITIVO-1-2048x1448.png 2048w\" sizes=\"auto, (max-width: 2480px) 100vw, 2480px\" \/><\/figure>\n<\/div>\n\n\n\n<div class=\"wp-block-column is-vertically-aligned-center is-layout-flow wp-block-column-is-layout-flow\" style=\"padding-top:32px;padding-right:32px;padding-bottom:32px;padding-left:32px\">\n<div class=\"wp-block-group is-layout-constrained wp-container-core-group-is-layout-2 wp-block-group-is-layout-constrained\">\n<p>Contamos com o apoio e a parceria da Bauhinia, uma organiza\u00e7\u00e3o que atua ativamente na conserva\u00e7\u00e3o ambiental e no combate \u00e0 desigualdade social. Juntos, buscamos construir um futuro melhor, promovendo n\u00e3o apenas a sustentabilidade, mas tamb\u00e9m a inclus\u00e3o e a equidade.<\/p>\n\n\n\n<p>Al\u00e9m disso, nossos projetos incentivam empresas e comunidades locais a adotarem pr\u00e1ticas mais conscientes, como a separa\u00e7\u00e3o correta de res\u00edduos e o reaproveitamento de materiais recicl\u00e1veis, contribuindo para a economia circular.<\/p>\n\n\n\n<p><strong>Se voc\u00ea se interessou pelo nosso trabalho e deseja trazer mais sustentabilidade e conhecimento ambiental para sua organiza\u00e7\u00e3o ou comunidade, entre em contato conosco. Ser\u00e1 um prazer fazer parte dessa mudan\u00e7a positiva com voc\u00ea!<\/strong><\/p>\n\n\n\n<div class=\"wp-block-buttons is-layout-flex wp-block-buttons-is-layout-flex\"><\/div>\n<\/div>\n<\/div>\n<\/div>\n<\/div>\n","protected":false},"excerpt":{"rendered":"<p>Educa\u00e7\u00e3o ambiental e mobiliza\u00e7\u00e3o social em institui\u00e7\u00f5es de ensino e ambientes de trabalho. A Cooperpac se dedica a oferecer servi\u00e7os de educa\u00e7\u00e3o ambiental tanto em ambientes de trabalho quanto em escolas localizadas nos bairros da zona sul de S\u00e3o Paulo. Nosso objetivo \u00e9 proporcionar experi\u00eancias educativas e transformadoras que promovam a conscientiza\u00e7\u00e3o sobre a import\u00e2ncia [&hellip;]<\/p>\n","protected":false},"author":2,"featured_media":0,"parent":0,"menu_order":0,"comment_status":"closed","ping_status":"closed","template":"","meta":{"_themeisle_gutenberg_block_has_review":false,"footnotes":""},"class_list":["post-160","page","type-page","status-publish","hentry"],"_links":{"self":[{"href":"https:\/\/cooperpac.com\/index.php\/wp-json\/wp\/v2\/pages\/160","targetHints":{"allow":["GET"]}}],"collection":[{"href":"https:\/\/cooperpac.com\/index.php\/wp-json\/wp\/v2\/pages"}],"about":[{"href":"https:\/\/cooperpac.com\/index.php\/wp-json\/wp\/v2\/types\/page"}],"author":[{"embeddable":true,"href":"https:\/\/cooperpac.com\/index.php\/wp-json\/wp\/v2\/users\/2"}],"replies":[{"embeddable":true,"href":"https:\/\/cooperpac.com\/index.php\/wp-json\/wp\/v2\/comments?post=160"}],"version-history":[{"count":6,"href":"https:\/\/cooperpac.com\/index.php\/wp-json\/wp\/v2\/pages\/160\/revisions"}],"predecessor-version":[{"id":646,"href":"https:\/\/cooperpac.com\/index.php\/wp-json\/wp\/v2\/pages\/160\/revisions\/646"}],"wp:attachment":[{"href":"https:\/\/cooperpac.com\/index.php\/wp-json\/wp\/v2\/media?parent=160"}],"curies":[{"name":"wp","href":"https:\/\/api.w.org\/{rel}","templated":true}]}}