{"id":163,"date":"2024-04-12T12:41:32","date_gmt":"2024-04-12T12:41:32","guid":{"rendered":"https:\/\/cooperpac.com\/?page_id=163"},"modified":"2024-05-27T14:50:06","modified_gmt":"2024-05-27T14:50:06","slug":"vivencia-na-cooperativa-2","status":"publish","type":"page","link":"https:\/\/cooperpac.com\/index.php\/vivencia-na-cooperativa-2\/","title":{"rendered":"Viv\u00eancia na cooperativa"},"content":{"rendered":"\n<p>Venha com sua equipe viv\u00eancia e ter uma experi\u00eancia dentro da cooperativa.<\/p>\n\n\n\n<div class=\"wp-block-group alignfull is-layout-flow wp-container-core-group-is-layout-3 wp-block-group-is-layout-flow\" style=\"margin-top:0px;margin-bottom:0px;padding-top:0px;padding-right:0px;padding-bottom:0px;padding-left:0px\">\n<div class=\"wp-block-columns are-vertically-aligned-center is-layout-flex wp-container-core-columns-is-layout-1 wp-block-columns-is-layout-flex\">\n<div class=\"wp-block-column is-vertically-aligned-center is-layout-flow wp-block-column-is-layout-flow\" style=\"padding-top:32px;padding-right:32px;padding-bottom:32px;padding-left:32px\">\n<div class=\"wp-block-group is-layout-constrained wp-container-core-group-is-layout-1 wp-block-group-is-layout-constrained\">\n<p>Venha nos fazer uma visita monitorada e vivenciar como funciona nossa gest\u00e3o de trabalho dentro da cooperativa.<\/p>\n\n\n\n<div class=\"wp-block-buttons is-layout-flex wp-block-buttons-is-layout-flex\"><\/div>\n<\/div>\n<\/div>\n\n\n\n<div class=\"wp-block-column is-vertically-aligned-center has-raft-bg-alt-background-color has-background is-layout-flow wp-block-column-is-layout-flow\" style=\"padding-top:32px;padding-right:32px;padding-bottom:32px;padding-left:32px\">\n<figure class=\"wp-block-image aligncenter size-full is-resized\"><img loading=\"lazy\" decoding=\"async\" width=\"2000\" height=\"2667\" src=\"http:\/\/cooperpac.com\/wp-content\/uploads\/2024\/05\/vivencia.png\" alt=\"\" class=\"wp-image-311\" style=\"width:308px;height:auto\" srcset=\"https:\/\/cooperpac.com\/wp-content\/uploads\/2024\/05\/vivencia.png 2000w, https:\/\/cooperpac.com\/wp-content\/uploads\/2024\/05\/vivencia-225x300.png 225w, https:\/\/cooperpac.com\/wp-content\/uploads\/2024\/05\/vivencia-768x1024.png 768w, https:\/\/cooperpac.com\/wp-content\/uploads\/2024\/05\/vivencia-1152x1536.png 1152w, https:\/\/cooperpac.com\/wp-content\/uploads\/2024\/05\/vivencia-1536x2048.png 1536w\" sizes=\"auto, (max-width: 2000px) 100vw, 2000px\" \/><\/figure>\n<\/div>\n<\/div>\n\n\n\n<div class=\"wp-block-columns are-vertically-aligned-center is-layout-flex wp-container-core-columns-is-layout-2 wp-block-columns-is-layout-flex\">\n<div class=\"wp-block-column is-vertically-aligned-center has-raft-bg-alt-background-color has-background is-layout-flow wp-block-column-is-layout-flow\" style=\"padding-top:32px;padding-right:32px;padding-bottom:32px;padding-left:32px\">\n<figure class=\"wp-block-image aligncenter size-full is-resized\"><img loading=\"lazy\" decoding=\"async\" width=\"3024\" height=\"4032\" src=\"http:\/\/cooperpac.com\/wp-content\/uploads\/2024\/05\/vevencia.png\" alt=\"\" class=\"wp-image-287\" style=\"width:341px;height:auto\" srcset=\"https:\/\/cooperpac.com\/wp-content\/uploads\/2024\/05\/vevencia.png 3024w, https:\/\/cooperpac.com\/wp-content\/uploads\/2024\/05\/vevencia-225x300.png 225w, https:\/\/cooperpac.com\/wp-content\/uploads\/2024\/05\/vevencia-768x1024.png 768w, https:\/\/cooperpac.com\/wp-content\/uploads\/2024\/05\/vevencia-1152x1536.png 1152w, https:\/\/cooperpac.com\/wp-content\/uploads\/2024\/05\/vevencia-1536x2048.png 1536w\" sizes=\"auto, (max-width: 3024px) 100vw, 3024px\" \/><\/figure>\n<\/div>\n\n\n\n<div class=\"wp-block-column is-vertically-aligned-center is-layout-flow wp-block-column-is-layout-flow\" style=\"padding-top:32px;padding-right:32px;padding-bottom:32px;padding-left:32px\">\n<div class=\"wp-block-group is-layout-constrained wp-container-core-group-is-layout-2 wp-block-group-is-layout-constrained\">\n<p>Tenha a experi\u00eancia ao vivo de como fazemos a separa\u00e7\u00e3o dos materiais recicl\u00e1veis, organizamos a nossa linha de produ\u00e7\u00e3o e o processo de armazenamento do material. Apenda tamb\u00e9m sobre os materiais que n\u00e3o s\u00e3o recicl\u00e1veis, e muito mais do que fazemos todos os dias e de nossas rotinas, Ficou interessado entre em contato conosco. <\/p>\n\n\n\n<div class=\"wp-block-buttons is-layout-flex wp-block-buttons-is-layout-flex\"><\/div>\n<\/div>\n<\/div>\n<\/div>\n<\/div>\n","protected":false},"excerpt":{"rendered":"<p>Venha com sua equipe viv\u00eancia e ter uma experi\u00eancia dentro da cooperativa. Venha nos fazer uma visita monitorada e vivenciar como funciona nossa gest\u00e3o de trabalho dentro da cooperativa. Tenha a experi\u00eancia ao vivo de como fazemos a separa\u00e7\u00e3o dos materiais recicl\u00e1veis, organizamos a nossa linha de produ\u00e7\u00e3o e o processo de armazenamento do material. [&hellip;]<\/p>\n","protected":false},"author":2,"featured_media":0,"parent":0,"menu_order":0,"comment_status":"closed","ping_status":"closed","template":"","meta":{"_themeisle_gutenberg_block_has_review":false,"footnotes":""},"class_list":["post-163","page","type-page","status-publish","hentry"],"_links":{"self":[{"href":"https:\/\/cooperpac.com\/index.php\/wp-json\/wp\/v2\/pages\/163","targetHints":{"allow":["GET"]}}],"collection":[{"href":"https:\/\/cooperpac.com\/index.php\/wp-json\/wp\/v2\/pages"}],"about":[{"href":"https:\/\/cooperpac.com\/index.php\/wp-json\/wp\/v2\/types\/page"}],"author":[{"embeddable":true,"href":"https:\/\/cooperpac.com\/index.php\/wp-json\/wp\/v2\/users\/2"}],"replies":[{"embeddable":true,"href":"https:\/\/cooperpac.com\/index.php\/wp-json\/wp\/v2\/comments?post=163"}],"version-history":[{"count":8,"href":"https:\/\/cooperpac.com\/index.php\/wp-json\/wp\/v2\/pages\/163\/revisions"}],"predecessor-version":[{"id":639,"href":"https:\/\/cooperpac.com\/index.php\/wp-json\/wp\/v2\/pages\/163\/revisions\/639"}],"wp:attachment":[{"href":"https:\/\/cooperpac.com\/index.php\/wp-json\/wp\/v2\/media?parent=163"}],"curies":[{"name":"wp","href":"https:\/\/api.w.org\/{rel}","templated":true}]}}