{"id":165,"date":"2024-04-12T12:46:50","date_gmt":"2024-04-12T12:46:50","guid":{"rendered":"https:\/\/cooperpac.com\/?page_id=165"},"modified":"2024-04-12T13:31:26","modified_gmt":"2024-04-12T13:31:26","slug":"certificado-de-destinacao-final-de-residuos","status":"publish","type":"page","link":"https:\/\/cooperpac.com\/index.php\/certificado-de-destinacao-final-de-residuos\/","title":{"rendered":"Certificado de destina\u00e7\u00e3o final de res\u00edduos."},"content":{"rendered":"\n<p>Seja um parceiro certificado Cooperpac.<\/p>\n\n\n\n<div class=\"wp-block-group alignfull has-raft-bg-alt-background-color has-background is-layout-constrained wp-container-core-group-is-layout-3 wp-block-group-is-layout-constrained\" style=\"margin-top:0;margin-bottom:0;padding-top:var(--wp--preset--spacing--80);padding-right:var(--wp--preset--spacing--40);padding-bottom:var(--wp--preset--spacing--80);padding-left:var(--wp--preset--spacing--40)\">\n<div class=\"wp-block-group is-layout-flow wp-block-group-is-layout-flow\">\n<div style=\"height:40px\" aria-hidden=\"true\" class=\"wp-block-spacer\"><\/div>\n<\/div>\n\n\n\n<div class=\"wp-block-group alignwide is-layout-flow wp-block-group-is-layout-flow\">\n<div class=\"wp-block-columns is-layout-flex wp-container-core-columns-is-layout-1 wp-block-columns-is-layout-flex\">\n<div class=\"wp-block-column is-vertically-aligned-center is-layout-flow wp-container-core-column-is-layout-1 wp-block-column-is-layout-flow\">\n<p>A cooperpac consegue comprovar e te dar a garantia que seu res\u00edduo est\u00e1 sendo tratado de maneira ambientalmente correta. Seja um parceiro certificado, para mais informa\u00e7\u00f5es entre em contato conosco.<\/p>\n<\/div>\n<\/div>\n<\/div>\n<\/div>\n","protected":false},"excerpt":{"rendered":"<p>Seja um parceiro certificado Cooperpac. A cooperpac consegue comprovar e te dar a garantia que seu res\u00edduo est\u00e1 sendo tratado de maneira ambientalmente correta. Seja um parceiro certificado, para mais informa\u00e7\u00f5es entre em contato conosco.<\/p>\n","protected":false},"author":2,"featured_media":0,"parent":0,"menu_order":0,"comment_status":"closed","ping_status":"closed","template":"","meta":{"_themeisle_gutenberg_block_has_review":false,"footnotes":""},"class_list":["post-165","page","type-page","status-publish","hentry"],"_links":{"self":[{"href":"https:\/\/cooperpac.com\/index.php\/wp-json\/wp\/v2\/pages\/165","targetHints":{"allow":["GET"]}}],"collection":[{"href":"https:\/\/cooperpac.com\/index.php\/wp-json\/wp\/v2\/pages"}],"about":[{"href":"https:\/\/cooperpac.com\/index.php\/wp-json\/wp\/v2\/types\/page"}],"author":[{"embeddable":true,"href":"https:\/\/cooperpac.com\/index.php\/wp-json\/wp\/v2\/users\/2"}],"replies":[{"embeddable":true,"href":"https:\/\/cooperpac.com\/index.php\/wp-json\/wp\/v2\/comments?post=165"}],"version-history":[{"count":4,"href":"https:\/\/cooperpac.com\/index.php\/wp-json\/wp\/v2\/pages\/165\/revisions"}],"predecessor-version":[{"id":305,"href":"https:\/\/cooperpac.com\/index.php\/wp-json\/wp\/v2\/pages\/165\/revisions\/305"}],"wp:attachment":[{"href":"https:\/\/cooperpac.com\/index.php\/wp-json\/wp\/v2\/media?parent=165"}],"curies":[{"name":"wp","href":"https:\/\/api.w.org\/{rel}","templated":true}]}}