{"id":34,"date":"2024-03-15T12:37:55","date_gmt":"2024-03-15T12:37:55","guid":{"rendered":"https:\/\/cooperpac.com\/?page_id=34"},"modified":"2025-04-07T13:56:29","modified_gmt":"2025-04-07T13:56:29","slug":"quem-somos","status":"publish","type":"page","link":"https:\/\/cooperpac.com\/index.php\/quem-somos\/","title":{"rendered":"Quem somos"},"content":{"rendered":"\n<p>Somos um coletivo desde 2008, que atua na \u00e1rea da reciclagem e visa \u00e1 redu\u00e7\u00e3o do despejo de res\u00edduos na natureza que s\u00e3o prejudiciais ao meio ambiente, somos respons\u00e1veis por dar um destino correto \u00e1 esses res\u00edduos. <\/p>\n\n\n\n<p>Nossa proposta \u00e9 fornecer servi\u00e7os de alta qualidade, como as coletas seletivas o famoso porta a porta, vendas de materiais, gest\u00e3o de res\u00edduos e a educa\u00e7\u00e3o ambiental, para os bairros da zona sul de S\u00e3o Paulo. <\/p>\n\n\n\n<p>A cooperativa busca proporcionar atividades renumeradas a jovens, adultos, e p\u00fablicos diversos que s\u00e3o maioritariamente exclu\u00eddos pela sociedade, egressos do sistema prisional, LGBTQI+, e com especial aten\u00e7\u00e3o aos cidad\u00e3os acima de 40 anos com dificuldades de retorno ao mercado de trabalho e dentre outros.<\/p>\n\n\n\n\n\n<div id=\"wp-block-themeisle-blocks-advanced-columns-d87d87fb\" class=\"wp-block-themeisle-blocks-advanced-columns alignfull has-1-columns has-desktop-equal-layout has-tablet-equal-layout has-mobile-collapsedRows-layout has-vertical-center ticss-c00aadba\"><div class=\"wp-block-themeisle-blocks-advanced-columns-overlay\"><\/div><div class=\"innerblocks-wrap\">\n<div id=\"wp-block-themeisle-blocks-advanced-column-60dad16e\" class=\"wp-block-themeisle-blocks-advanced-column\">\n<div id=\"wp-block-themeisle-blocks-advanced-columns-d2e20cf0\" class=\"wp-block-themeisle-blocks-advanced-columns has-1-columns has-desktop-equal-layout has-tablet-equal-layout has-mobile-equal-layout has-vertical-center\"><div class=\"wp-block-themeisle-blocks-advanced-columns-overlay\"><\/div><div class=\"innerblocks-wrap\">\n<div id=\"wp-block-themeisle-blocks-advanced-column-05d18d48\" class=\"wp-block-themeisle-blocks-advanced-column\">\n<h2 class=\"wp-block-heading\">DIRETORIA.<\/h2>\n<\/div>\n<\/div><\/div>\n\n\n\n<div id=\"wp-block-themeisle-blocks-advanced-columns-be71e345\" class=\"wp-block-themeisle-blocks-advanced-columns has-4-columns has-desktop-equal-layout has-tablet-twoColumnGrid-layout has-mobile-collapsedRows-layout has-vertical-top\"><div class=\"wp-block-themeisle-blocks-advanced-columns-overlay\"><\/div><div class=\"innerblocks-wrap\">\n<div id=\"wp-block-themeisle-blocks-advanced-column-e373838a\" class=\"wp-block-themeisle-blocks-advanced-column\">\n<figure class=\"wp-block-image size-full is-resized is-style-rounded\"><img loading=\"lazy\" decoding=\"async\" width=\"1599\" height=\"1599\" src=\"http:\/\/cooperpac.com\/wp-content\/uploads\/2024\/05\/VALQUIRIA.jpg\" alt=\"\" class=\"wp-image-199\" style=\"width:168px;height:auto\" srcset=\"https:\/\/cooperpac.com\/wp-content\/uploads\/2024\/05\/VALQUIRIA.jpg 1599w, https:\/\/cooperpac.com\/wp-content\/uploads\/2024\/05\/VALQUIRIA-300x300.jpg 300w, https:\/\/cooperpac.com\/wp-content\/uploads\/2024\/05\/VALQUIRIA-1024x1024.jpg 1024w, https:\/\/cooperpac.com\/wp-content\/uploads\/2024\/05\/VALQUIRIA-150x150.jpg 150w, https:\/\/cooperpac.com\/wp-content\/uploads\/2024\/05\/VALQUIRIA-768x768.jpg 768w, https:\/\/cooperpac.com\/wp-content\/uploads\/2024\/05\/VALQUIRIA-1536x1536.jpg 1536w\" sizes=\"auto, (max-width: 1599px) 100vw, 1599px\" \/><\/figure>\n\n\n\n<h3 id=\"wp-block-themeisle-blocks-advanced-heading-a0f377e3\" class=\"wp-block-themeisle-blocks-advanced-heading wp-block-themeisle-blocks-advanced-heading-a0f377e3\">Valquiria Candido <\/h3>\n\n\n\n<p id=\"wp-block-themeisle-blocks-advanced-heading-22009bd8\" class=\"wp-block-themeisle-blocks-advanced-heading wp-block-themeisle-blocks-advanced-heading-22009bd8\">PRESIDENTE <\/p>\n<\/div>\n\n\n\n<div id=\"wp-block-themeisle-blocks-advanced-column-956fcf84\" class=\"wp-block-themeisle-blocks-advanced-column\">\n<figure class=\"wp-block-image size-full is-resized is-style-rounded\"><img loading=\"lazy\" decoding=\"async\" width=\"1599\" height=\"1599\" src=\"http:\/\/cooperpac.com\/wp-content\/uploads\/2024\/05\/EDVANIA.jpg\" alt=\"\" class=\"wp-image-202\" style=\"aspect-ratio:0.994475138121547;width:167px;height:auto\" srcset=\"https:\/\/cooperpac.com\/wp-content\/uploads\/2024\/05\/EDVANIA.jpg 1599w, https:\/\/cooperpac.com\/wp-content\/uploads\/2024\/05\/EDVANIA-300x300.jpg 300w, https:\/\/cooperpac.com\/wp-content\/uploads\/2024\/05\/EDVANIA-1024x1024.jpg 1024w, https:\/\/cooperpac.com\/wp-content\/uploads\/2024\/05\/EDVANIA-150x150.jpg 150w, https:\/\/cooperpac.com\/wp-content\/uploads\/2024\/05\/EDVANIA-768x768.jpg 768w, https:\/\/cooperpac.com\/wp-content\/uploads\/2024\/05\/EDVANIA-1536x1536.jpg 1536w\" sizes=\"auto, (max-width: 1599px) 100vw, 1599px\" \/><\/figure>\n\n\n\n<h3 id=\"wp-block-themeisle-blocks-advanced-heading-16fc6df3\" class=\"wp-block-themeisle-blocks-advanced-heading wp-block-themeisle-blocks-advanced-heading-16fc6df3\">Edivania Maria  <\/h3>\n\n\n\n<p id=\"wp-block-themeisle-blocks-advanced-heading-1c8a5fcf\" class=\"wp-block-themeisle-blocks-advanced-heading wp-block-themeisle-blocks-advanced-heading-1c8a5fcf\">TESOUREIRA<\/p>\n<\/div>\n\n\n\n<div id=\"wp-block-themeisle-blocks-advanced-column-7e32a82b\" class=\"wp-block-themeisle-blocks-advanced-column\">\n<figure class=\"wp-block-image size-full is-resized is-style-rounded\"><img loading=\"lazy\" decoding=\"async\" width=\"1599\" height=\"1599\" src=\"http:\/\/cooperpac.com\/wp-content\/uploads\/2024\/05\/rosa.jpg\" alt=\"\" class=\"wp-image-289\" style=\"aspect-ratio:0.994475138121547;width:160px;height:auto\" srcset=\"https:\/\/cooperpac.com\/wp-content\/uploads\/2024\/05\/rosa.jpg 1599w, https:\/\/cooperpac.com\/wp-content\/uploads\/2024\/05\/rosa-300x300.jpg 300w, https:\/\/cooperpac.com\/wp-content\/uploads\/2024\/05\/rosa-1024x1024.jpg 1024w, https:\/\/cooperpac.com\/wp-content\/uploads\/2024\/05\/rosa-150x150.jpg 150w, https:\/\/cooperpac.com\/wp-content\/uploads\/2024\/05\/rosa-768x768.jpg 768w, https:\/\/cooperpac.com\/wp-content\/uploads\/2024\/05\/rosa-1536x1536.jpg 1536w\" sizes=\"auto, (max-width: 1599px) 100vw, 1599px\" \/><\/figure>\n\n\n\n<h3 id=\"wp-block-themeisle-blocks-advanced-heading-5cdd08a0\" class=\"wp-block-themeisle-blocks-advanced-heading wp-block-themeisle-blocks-advanced-heading-5cdd08a0\">Maria Rosa  <\/h3>\n\n\n\n<p id=\"wp-block-themeisle-blocks-advanced-heading-a4688a0d\" class=\"wp-block-themeisle-blocks-advanced-heading wp-block-themeisle-blocks-advanced-heading-a4688a0d\">Secret\u00e1ria  <\/p>\n<\/div>\n\n\n\n<div id=\"wp-block-themeisle-blocks-advanced-column-47c7b5bd\" class=\"wp-block-themeisle-blocks-advanced-column\">\n<figure class=\"wp-block-image size-full is-resized is-style-rounded\"><img loading=\"lazy\" decoding=\"async\" width=\"1599\" height=\"1599\" src=\"http:\/\/cooperpac.com\/wp-content\/uploads\/2024\/05\/HELENA.jpg\" alt=\"\" class=\"wp-image-200\" style=\"aspect-ratio:0.994475138121547;width:171px;height:auto\" srcset=\"https:\/\/cooperpac.com\/wp-content\/uploads\/2024\/05\/HELENA.jpg 1599w, https:\/\/cooperpac.com\/wp-content\/uploads\/2024\/05\/HELENA-300x300.jpg 300w, https:\/\/cooperpac.com\/wp-content\/uploads\/2024\/05\/HELENA-1024x1024.jpg 1024w, https:\/\/cooperpac.com\/wp-content\/uploads\/2024\/05\/HELENA-150x150.jpg 150w, https:\/\/cooperpac.com\/wp-content\/uploads\/2024\/05\/HELENA-768x768.jpg 768w, https:\/\/cooperpac.com\/wp-content\/uploads\/2024\/05\/HELENA-1536x1536.jpg 1536w\" sizes=\"auto, (max-width: 1599px) 100vw, 1599px\" \/><\/figure>\n\n\n\n<h3 id=\"wp-block-themeisle-blocks-advanced-heading-d67c0dbf\" class=\"wp-block-themeisle-blocks-advanced-heading wp-block-themeisle-blocks-advanced-heading-d67c0dbf\">Helena da Silva  <\/h3>\n\n\n\n<p id=\"wp-block-themeisle-blocks-advanced-heading-ab27dee0\" class=\"wp-block-themeisle-blocks-advanced-heading wp-block-themeisle-blocks-advanced-heading-ab27dee0\">cordenadora <\/p>\n<\/div>\n<\/div><\/div>\n<\/div>\n<\/div><\/div>\n\n\n\n<div class=\"wp-block-group alignfull is-layout-constrained wp-block-group-is-layout-constrained\">\n<div id=\"wp-block-themeisle-blocks-advanced-columns-04bc41f8\" class=\"wp-block-themeisle-blocks-advanced-columns alignfull has-1-columns has-desktop-equal-layout has-tablet-equal-layout has-mobile-collapsedRows-layout has-vertical-center ticss-c00aadba\"><div class=\"wp-block-themeisle-blocks-advanced-columns-overlay\"><\/div><div class=\"innerblocks-wrap\">\n<div id=\"wp-block-themeisle-blocks-advanced-column-f0aa3181\" class=\"wp-block-themeisle-blocks-advanced-column\">\n<div id=\"wp-block-themeisle-blocks-advanced-columns-882c40c9\" class=\"wp-block-themeisle-blocks-advanced-columns has-1-columns has-desktop-equal-layout has-tablet-equal-layout has-mobile-equal-layout has-vertical-center\"><div class=\"wp-block-themeisle-blocks-advanced-columns-overlay\"><\/div><div class=\"innerblocks-wrap\">\n<div id=\"wp-block-themeisle-blocks-advanced-column-520136fa\" class=\"wp-block-themeisle-blocks-advanced-column\">\n<h2 id=\"wp-block-themeisle-blocks-advanced-heading-a0f1691e\" class=\"wp-block-themeisle-blocks-advanced-heading wp-block-themeisle-blocks-advanced-heading-a0f1691e\">NOSSA EQUIPE.<\/h2>\n<\/div>\n<\/div><\/div>\n\n\n\n<div id=\"wp-block-themeisle-blocks-advanced-columns-66ceb559\" class=\"wp-block-themeisle-blocks-advanced-columns has-4-columns has-desktop-equal-layout has-tablet-twoColumnGrid-layout has-mobile-collapsedRows-layout has-vertical-top\"><div class=\"wp-block-themeisle-blocks-advanced-columns-overlay\"><\/div><div class=\"innerblocks-wrap\">\n<div id=\"wp-block-themeisle-blocks-advanced-column-05374cbb\" class=\"wp-block-themeisle-blocks-advanced-column\">\n<figure class=\"wp-block-image size-full is-resized is-style-rounded\"><img loading=\"lazy\" decoding=\"async\" width=\"1599\" height=\"1599\" src=\"http:\/\/cooperpac.com\/wp-content\/uploads\/2024\/05\/FERNANDO.jpg\" alt=\"\" class=\"wp-image-201\" style=\"width:180px;height:181px\" srcset=\"https:\/\/cooperpac.com\/wp-content\/uploads\/2024\/05\/FERNANDO.jpg 1599w, https:\/\/cooperpac.com\/wp-content\/uploads\/2024\/05\/FERNANDO-300x300.jpg 300w, https:\/\/cooperpac.com\/wp-content\/uploads\/2024\/05\/FERNANDO-1024x1024.jpg 1024w, https:\/\/cooperpac.com\/wp-content\/uploads\/2024\/05\/FERNANDO-150x150.jpg 150w, https:\/\/cooperpac.com\/wp-content\/uploads\/2024\/05\/FERNANDO-768x768.jpg 768w, https:\/\/cooperpac.com\/wp-content\/uploads\/2024\/05\/FERNANDO-1536x1536.jpg 1536w\" sizes=\"auto, (max-width: 1599px) 100vw, 1599px\" \/><\/figure>\n\n\n\n<h3 class=\"wp-block-heading\">Fernando Pereira<\/h3>\n\n\n\n<p>Cooperado desde 2008<\/p>\n\n\n\n<figure class=\"wp-block-image size-full is-resized is-style-rounded\"><img loading=\"lazy\" decoding=\"async\" width=\"1599\" height=\"1599\" src=\"http:\/\/cooperpac.com\/wp-content\/uploads\/2024\/05\/IVANIA.jpg\" alt=\"\" class=\"wp-image-214\" style=\"width:180px;height:181px\" srcset=\"https:\/\/cooperpac.com\/wp-content\/uploads\/2024\/05\/IVANIA.jpg 1599w, https:\/\/cooperpac.com\/wp-content\/uploads\/2024\/05\/IVANIA-300x300.jpg 300w, https:\/\/cooperpac.com\/wp-content\/uploads\/2024\/05\/IVANIA-1024x1024.jpg 1024w, https:\/\/cooperpac.com\/wp-content\/uploads\/2024\/05\/IVANIA-150x150.jpg 150w, https:\/\/cooperpac.com\/wp-content\/uploads\/2024\/05\/IVANIA-768x768.jpg 768w, https:\/\/cooperpac.com\/wp-content\/uploads\/2024\/05\/IVANIA-1536x1536.jpg 1536w\" sizes=\"auto, (max-width: 1599px) 100vw, 1599px\" \/><\/figure>\n\n\n\n<h3 class=\"wp-block-heading\">Ivania Rocha <\/h3>\n\n\n\n<div id=\"wp-block-themeisle-blocks-advanced-heading-1ab9b7c1\" class=\"wp-block-themeisle-blocks-advanced-heading wp-block-themeisle-blocks-advanced-heading-1ab9b7c1\">Cooperada desde 2012<\/div>\n\n\n\n<figure class=\"wp-block-image size-full is-resized is-style-rounded\"><img loading=\"lazy\" decoding=\"async\" width=\"1599\" height=\"1599\" src=\"http:\/\/cooperpac.com\/wp-content\/uploads\/2024\/05\/cristiane.jpg\" alt=\"\" class=\"wp-image-297\" style=\"width:180px;height:181px\" srcset=\"https:\/\/cooperpac.com\/wp-content\/uploads\/2024\/05\/cristiane.jpg 1599w, https:\/\/cooperpac.com\/wp-content\/uploads\/2024\/05\/cristiane-300x300.jpg 300w, https:\/\/cooperpac.com\/wp-content\/uploads\/2024\/05\/cristiane-1024x1024.jpg 1024w, https:\/\/cooperpac.com\/wp-content\/uploads\/2024\/05\/cristiane-150x150.jpg 150w, https:\/\/cooperpac.com\/wp-content\/uploads\/2024\/05\/cristiane-768x768.jpg 768w, https:\/\/cooperpac.com\/wp-content\/uploads\/2024\/05\/cristiane-1536x1536.jpg 1536w\" sizes=\"auto, (max-width: 1599px) 100vw, 1599px\" \/><\/figure>\n\n\n\n<h3 class=\"wp-block-heading\">Maria Cristiane <\/h3>\n\n\n\n<p>Cooperada desde 2023<\/p>\n\n\n\n<h3 class=\"wp-block-heading\">  <\/h3>\n\n\n\n<h3 id=\"wp-block-themeisle-blocks-advanced-heading-b90d449e\" class=\"wp-block-themeisle-blocks-advanced-heading wp-block-themeisle-blocks-advanced-heading-b90d449e\">  <\/h3>\n<\/div>\n\n\n\n<div id=\"wp-block-themeisle-blocks-advanced-column-17730898\" class=\"wp-block-themeisle-blocks-advanced-column\">\n<h3 class=\"wp-block-heading\"> <\/h3>\n\n\n\n<figure class=\"wp-block-image size-full is-resized is-style-rounded\"><img loading=\"lazy\" decoding=\"async\" width=\"1599\" height=\"1599\" src=\"http:\/\/cooperpac.com\/wp-content\/uploads\/2024\/05\/KARINA.jpg\" alt=\"\" class=\"wp-image-216\" style=\"width:180px;height:181px\" srcset=\"https:\/\/cooperpac.com\/wp-content\/uploads\/2024\/05\/KARINA.jpg 1599w, https:\/\/cooperpac.com\/wp-content\/uploads\/2024\/05\/KARINA-300x300.jpg 300w, https:\/\/cooperpac.com\/wp-content\/uploads\/2024\/05\/KARINA-1024x1024.jpg 1024w, https:\/\/cooperpac.com\/wp-content\/uploads\/2024\/05\/KARINA-150x150.jpg 150w, https:\/\/cooperpac.com\/wp-content\/uploads\/2024\/05\/KARINA-768x768.jpg 768w, https:\/\/cooperpac.com\/wp-content\/uploads\/2024\/05\/KARINA-1536x1536.jpg 1536w\" sizes=\"auto, (max-width: 1599px) 100vw, 1599px\" \/><\/figure>\n\n\n\n<h3 class=\"wp-block-heading\">Karina de Jesus <\/h3>\n\n\n\n<p>Cooperada desde 2021<\/p>\n\n\n\n<figure class=\"wp-block-image size-full is-resized is-style-rounded\"><img loading=\"lazy\" decoding=\"async\" width=\"1599\" height=\"1599\" src=\"http:\/\/cooperpac.com\/wp-content\/uploads\/2024\/05\/ELZITA.jpg\" alt=\"\" class=\"wp-image-220\" style=\"width:180px;height:181px\" srcset=\"https:\/\/cooperpac.com\/wp-content\/uploads\/2024\/05\/ELZITA.jpg 1599w, https:\/\/cooperpac.com\/wp-content\/uploads\/2024\/05\/ELZITA-300x300.jpg 300w, https:\/\/cooperpac.com\/wp-content\/uploads\/2024\/05\/ELZITA-1024x1024.jpg 1024w, https:\/\/cooperpac.com\/wp-content\/uploads\/2024\/05\/ELZITA-150x150.jpg 150w, https:\/\/cooperpac.com\/wp-content\/uploads\/2024\/05\/ELZITA-768x768.jpg 768w, https:\/\/cooperpac.com\/wp-content\/uploads\/2024\/05\/ELZITA-1536x1536.jpg 1536w\" sizes=\"auto, (max-width: 1599px) 100vw, 1599px\" \/><\/figure>\n\n\n\n<h3 class=\"wp-block-heading\">Elzita Soares  <\/h3>\n\n\n\n<div id=\"wp-block-themeisle-blocks-advanced-heading-145e110e\" class=\"wp-block-themeisle-blocks-advanced-heading wp-block-themeisle-blocks-advanced-heading-145e110e\">Cooperada desde 2022<\/div>\n\n\n\n<figure class=\"wp-block-image size-full is-resized is-style-rounded\"><img loading=\"lazy\" decoding=\"async\" width=\"1599\" height=\"1599\" src=\"http:\/\/cooperpac.com\/wp-content\/uploads\/2024\/05\/eduardo.jpg\" alt=\"\" class=\"wp-image-296\" style=\"width:180px;height:181px\" srcset=\"https:\/\/cooperpac.com\/wp-content\/uploads\/2024\/05\/eduardo.jpg 1599w, https:\/\/cooperpac.com\/wp-content\/uploads\/2024\/05\/eduardo-300x300.jpg 300w, https:\/\/cooperpac.com\/wp-content\/uploads\/2024\/05\/eduardo-1024x1024.jpg 1024w, https:\/\/cooperpac.com\/wp-content\/uploads\/2024\/05\/eduardo-150x150.jpg 150w, https:\/\/cooperpac.com\/wp-content\/uploads\/2024\/05\/eduardo-768x768.jpg 768w, https:\/\/cooperpac.com\/wp-content\/uploads\/2024\/05\/eduardo-1536x1536.jpg 1536w\" sizes=\"auto, (max-width: 1599px) 100vw, 1599px\" \/><\/figure>\n\n\n\n<h3 class=\"wp-block-heading\">Eduardo Rosa <\/h3>\n\n\n\n<p>Cooperado desde 2023<\/p>\n\n\n\n<figure class=\"wp-block-image size-full is-resized is-style-rounded\"><img loading=\"lazy\" decoding=\"async\" width=\"1599\" height=\"1599\" src=\"http:\/\/cooperpac.com\/wp-content\/uploads\/2024\/05\/margarida.jpg\" alt=\"\" class=\"wp-image-299\" style=\"width:180px;height:181px\" srcset=\"https:\/\/cooperpac.com\/wp-content\/uploads\/2024\/05\/margarida.jpg 1599w, https:\/\/cooperpac.com\/wp-content\/uploads\/2024\/05\/margarida-300x300.jpg 300w, https:\/\/cooperpac.com\/wp-content\/uploads\/2024\/05\/margarida-1024x1024.jpg 1024w, https:\/\/cooperpac.com\/wp-content\/uploads\/2024\/05\/margarida-150x150.jpg 150w, https:\/\/cooperpac.com\/wp-content\/uploads\/2024\/05\/margarida-768x768.jpg 768w, https:\/\/cooperpac.com\/wp-content\/uploads\/2024\/05\/margarida-1536x1536.jpg 1536w\" sizes=\"auto, (max-width: 1599px) 100vw, 1599px\" \/><\/figure>\n\n\n\n<h3 class=\"wp-block-heading\"> Margarida Jesus  <\/h3>\n\n\n\n<div id=\"wp-block-themeisle-blocks-advanced-heading-3962d4fe\" class=\"wp-block-themeisle-blocks-advanced-heading wp-block-themeisle-blocks-advanced-heading-3962d4fe\">Cooperada desde 2024<\/div>\n<\/div>\n\n\n\n<div id=\"wp-block-themeisle-blocks-advanced-column-c176dd96\" class=\"wp-block-themeisle-blocks-advanced-column\">\n<figure class=\"wp-block-image size-full is-resized is-style-rounded\"><img loading=\"lazy\" decoding=\"async\" width=\"1599\" height=\"1599\" src=\"http:\/\/cooperpac.com\/wp-content\/uploads\/2024\/05\/edvaldo.jpg\" alt=\"\" class=\"wp-image-292\" style=\"width:180px;height:181px\" srcset=\"https:\/\/cooperpac.com\/wp-content\/uploads\/2024\/05\/edvaldo.jpg 1599w, https:\/\/cooperpac.com\/wp-content\/uploads\/2024\/05\/edvaldo-300x300.jpg 300w, https:\/\/cooperpac.com\/wp-content\/uploads\/2024\/05\/edvaldo-1024x1024.jpg 1024w, https:\/\/cooperpac.com\/wp-content\/uploads\/2024\/05\/edvaldo-150x150.jpg 150w, https:\/\/cooperpac.com\/wp-content\/uploads\/2024\/05\/edvaldo-768x768.jpg 768w, https:\/\/cooperpac.com\/wp-content\/uploads\/2024\/05\/edvaldo-1536x1536.jpg 1536w\" sizes=\"auto, (max-width: 1599px) 100vw, 1599px\" \/><\/figure>\n\n\n\n<h3 class=\"wp-block-heading\">Edvaldo Julio <\/h3>\n\n\n\n<p>Cooperado desde 2022<\/p>\n\n\n\n<figure class=\"wp-block-image size-full is-resized is-style-rounded\"><img loading=\"lazy\" decoding=\"async\" width=\"1599\" height=\"1599\" src=\"http:\/\/cooperpac.com\/wp-content\/uploads\/2024\/05\/NADEJE.jpg\" alt=\"\" class=\"wp-image-218\" style=\"width:180px;height:181px\" srcset=\"https:\/\/cooperpac.com\/wp-content\/uploads\/2024\/05\/NADEJE.jpg 1599w, https:\/\/cooperpac.com\/wp-content\/uploads\/2024\/05\/NADEJE-300x300.jpg 300w, https:\/\/cooperpac.com\/wp-content\/uploads\/2024\/05\/NADEJE-1024x1024.jpg 1024w, https:\/\/cooperpac.com\/wp-content\/uploads\/2024\/05\/NADEJE-150x150.jpg 150w, https:\/\/cooperpac.com\/wp-content\/uploads\/2024\/05\/NADEJE-768x768.jpg 768w, https:\/\/cooperpac.com\/wp-content\/uploads\/2024\/05\/NADEJE-1536x1536.jpg 1536w\" sizes=\"auto, (max-width: 1599px) 100vw, 1599px\" \/><\/figure>\n\n\n\n<h3 class=\"wp-block-heading\">Nadeje Maria    <\/h3>\n\n\n\n<div id=\"wp-block-themeisle-blocks-advanced-heading-2d32b6c8\" class=\"wp-block-themeisle-blocks-advanced-heading wp-block-themeisle-blocks-advanced-heading-2d32b6c8\">Cooperada desde 2022<\/div>\n\n\n\n<figure class=\"wp-block-image size-full is-resized is-style-rounded\"><img loading=\"lazy\" decoding=\"async\" width=\"210\" height=\"208\" src=\"http:\/\/cooperpac.com\/wp-content\/uploads\/2024\/03\/logo-Cooperpac-664x332-so-imagem.png\" alt=\"\" class=\"wp-image-43\" style=\"aspect-ratio:0.994475138121547;width:175px;height:auto\"\/><\/figure>\n\n\n\n<h3 class=\"wp-block-heading\">Isabella Ribeiro<\/h3>\n\n\n\n<p>Cooperada desde 2023<\/p>\n<\/div>\n\n\n\n<div id=\"wp-block-themeisle-blocks-advanced-column-37dfd09e\" class=\"wp-block-themeisle-blocks-advanced-column\">\n<figure class=\"wp-block-image size-full is-resized is-style-rounded\"><img loading=\"lazy\" decoding=\"async\" width=\"1599\" height=\"1599\" src=\"http:\/\/cooperpac.com\/wp-content\/uploads\/2024\/05\/marcia.jpg\" alt=\"\" class=\"wp-image-290\" style=\"width:180px;height:181px\" srcset=\"https:\/\/cooperpac.com\/wp-content\/uploads\/2024\/05\/marcia.jpg 1599w, https:\/\/cooperpac.com\/wp-content\/uploads\/2024\/05\/marcia-300x300.jpg 300w, https:\/\/cooperpac.com\/wp-content\/uploads\/2024\/05\/marcia-1024x1024.jpg 1024w, https:\/\/cooperpac.com\/wp-content\/uploads\/2024\/05\/marcia-150x150.jpg 150w, https:\/\/cooperpac.com\/wp-content\/uploads\/2024\/05\/marcia-768x768.jpg 768w, https:\/\/cooperpac.com\/wp-content\/uploads\/2024\/05\/marcia-1536x1536.jpg 1536w\" sizes=\"auto, (max-width: 1599px) 100vw, 1599px\" \/><\/figure>\n\n\n\n<h3 class=\"wp-block-heading\"> Marcia Aparecida  <\/h3>\n\n\n\n<div id=\"wp-block-themeisle-blocks-advanced-heading-99247164\" class=\"wp-block-themeisle-blocks-advanced-heading wp-block-themeisle-blocks-advanced-heading-99247164\">Cooperada desde 2020<\/div>\n\n\n\n<figure class=\"wp-block-image size-full is-resized is-style-rounded\"><img loading=\"lazy\" decoding=\"async\" width=\"1599\" height=\"1599\" src=\"http:\/\/cooperpac.com\/wp-content\/uploads\/2024\/05\/jose.jpg\" alt=\"\" class=\"wp-image-293\" style=\"width:180px;height:181px\" srcset=\"https:\/\/cooperpac.com\/wp-content\/uploads\/2024\/05\/jose.jpg 1599w, https:\/\/cooperpac.com\/wp-content\/uploads\/2024\/05\/jose-300x300.jpg 300w, https:\/\/cooperpac.com\/wp-content\/uploads\/2024\/05\/jose-1024x1024.jpg 1024w, https:\/\/cooperpac.com\/wp-content\/uploads\/2024\/05\/jose-150x150.jpg 150w, https:\/\/cooperpac.com\/wp-content\/uploads\/2024\/05\/jose-768x768.jpg 768w, https:\/\/cooperpac.com\/wp-content\/uploads\/2024\/05\/jose-1536x1536.jpg 1536w\" sizes=\"auto, (max-width: 1599px) 100vw, 1599px\" \/><\/figure>\n\n\n\n<h3 class=\"wp-block-heading\">Jose Silva <\/h3>\n\n\n\n<p>Cooperado desde 2022<\/p>\n\n\n\n<figure class=\"wp-block-image size-full is-resized is-style-rounded\"><img loading=\"lazy\" decoding=\"async\" width=\"1599\" height=\"1599\" src=\"http:\/\/cooperpac.com\/wp-content\/uploads\/2024\/05\/marlete.jpg\" alt=\"\" class=\"wp-image-295\" style=\"width:180px;height:181px\" srcset=\"https:\/\/cooperpac.com\/wp-content\/uploads\/2024\/05\/marlete.jpg 1599w, https:\/\/cooperpac.com\/wp-content\/uploads\/2024\/05\/marlete-300x300.jpg 300w, https:\/\/cooperpac.com\/wp-content\/uploads\/2024\/05\/marlete-1024x1024.jpg 1024w, https:\/\/cooperpac.com\/wp-content\/uploads\/2024\/05\/marlete-150x150.jpg 150w, https:\/\/cooperpac.com\/wp-content\/uploads\/2024\/05\/marlete-768x768.jpg 768w, https:\/\/cooperpac.com\/wp-content\/uploads\/2024\/05\/marlete-1536x1536.jpg 1536w\" sizes=\"auto, (max-width: 1599px) 100vw, 1599px\" \/><\/figure>\n\n\n\n<h3 class=\"wp-block-heading\"> Marlete Kierme <\/h3>\n\n\n\n<p>Cooperada desde 2023 <\/p>\n\n\n\n<h3 class=\"wp-block-heading\">  <\/h3>\n<\/div>\n<\/div><\/div>\n<\/div>\n<\/div><\/div>\n<\/div>\n\n\n\n<div id=\"wp-block-themeisle-blocks-advanced-columns-2bb24fd3\" class=\"wp-block-themeisle-blocks-advanced-columns has-0-columns has-desktop-equal-layout has-tablet-equal-layout has-mobile-equal-layout has-vertical-unset\"><div class=\"wp-block-themeisle-blocks-advanced-columns-overlay\"><\/div><div class=\"innerblocks-wrap\"><\/div><\/div>\n","protected":false},"excerpt":{"rendered":"<p>Somos um coletivo desde 2008, que atua na \u00e1rea da reciclagem e visa \u00e1 redu\u00e7\u00e3o do despejo de res\u00edduos na natureza que s\u00e3o prejudiciais ao meio ambiente, somos respons\u00e1veis por dar um destino correto \u00e1 esses res\u00edduos. Nossa proposta \u00e9 fornecer servi\u00e7os de alta qualidade, como as coletas seletivas o famoso porta a porta, vendas [&hellip;]<\/p>\n","protected":false},"author":3,"featured_media":0,"parent":0,"menu_order":0,"comment_status":"closed","ping_status":"closed","template":"","meta":{"_themeisle_gutenberg_block_has_review":false,"footnotes":""},"class_list":["post-34","page","type-page","status-publish","hentry"],"_links":{"self":[{"href":"https:\/\/cooperpac.com\/index.php\/wp-json\/wp\/v2\/pages\/34","targetHints":{"allow":["GET"]}}],"collection":[{"href":"https:\/\/cooperpac.com\/index.php\/wp-json\/wp\/v2\/pages"}],"about":[{"href":"https:\/\/cooperpac.com\/index.php\/wp-json\/wp\/v2\/types\/page"}],"author":[{"embeddable":true,"href":"https:\/\/cooperpac.com\/index.php\/wp-json\/wp\/v2\/users\/3"}],"replies":[{"embeddable":true,"href":"https:\/\/cooperpac.com\/index.php\/wp-json\/wp\/v2\/comments?post=34"}],"version-history":[{"count":25,"href":"https:\/\/cooperpac.com\/index.php\/wp-json\/wp\/v2\/pages\/34\/revisions"}],"predecessor-version":[{"id":730,"href":"https:\/\/cooperpac.com\/index.php\/wp-json\/wp\/v2\/pages\/34\/revisions\/730"}],"wp:attachment":[{"href":"https:\/\/cooperpac.com\/index.php\/wp-json\/wp\/v2\/media?parent=34"}],"curies":[{"name":"wp","href":"https:\/\/api.w.org\/{rel}","templated":true}]}}