{"id":35,"date":"2024-03-15T12:19:36","date_gmt":"2024-03-15T12:19:36","guid":{"rendered":"https:\/\/cooperpac.com\/?page_id=35"},"modified":"2024-11-26T19:14:06","modified_gmt":"2024-11-26T19:14:06","slug":"nossa-historia","status":"publish","type":"page","link":"https:\/\/cooperpac.com\/index.php\/nossa-historia\/","title":{"rendered":"Nossa hist\u00f3ria"},"content":{"rendered":"\n<p>A <strong>Cooperpac<\/strong> \u00e9 uma cooperativa de trabalho e coleta seletiva que nasceu em 2008, fruto da determina\u00e7\u00e3o e vis\u00e3o de Valqu\u00edria C\u00e2ndido da Silva e seu marido, Fernando Pereira da Silva. O in\u00edcio foi desafiador: sem recursos ou estrutura adequada, as opera\u00e7\u00f5es come\u00e7aram de forma humilde, na laje da casa do casal. Por\u00e9m, com o passar do tempo, os problemas estruturais do local tornaram invi\u00e1vel continuar ali, e foi necess\u00e1rio buscar um espa\u00e7o mais apropriado.<\/p>\n\n\n\n<p>A trajet\u00f3ria da Cooperpac ganhou novo impulso quando, ap\u00f3s anos de esfor\u00e7os e dedica\u00e7\u00e3o, o apoio da prefeitura foi conquistado. Com esse suporte, a cooperativa conseguiu se estabelecer em um galp\u00e3o localizado no Jardim Ch\u00e1cara de Shangril\u00e1. Foi nesse per\u00edodo que Helena da Silva, atual tesoureira da Cooperpac, tamb\u00e9m se juntou \u00e0 equipe, trazendo for\u00e7a e organiza\u00e7\u00e3o para a cooperativa.<\/p>\n\n\n\n<p>Com o tempo, a Cooperpac precisou enfrentar novos desafios. Devido \u00e0 falta de documenta\u00e7\u00f5es adequadas, a cooperativa teve que deixar o galp\u00e3o no Graja\u00fa e buscar um novo lar. Hoje, est\u00e1 estabelecida no Jardim Sat\u00e9lite, pr\u00f3ximo ao Aut\u00f3dromo de Interlagos, onde continua sua miss\u00e3o de promover a coleta seletiva e o trabalho digno para seus cooperados.<\/p>\n\n\n\n<p>O que torna a Cooperpac ainda mais especial \u00e9 sua composi\u00e7\u00e3o: 90% dos membros s\u00e3o mulheres, muitas delas carregando hist\u00f3rias de luta e supera\u00e7\u00e3o. Algumas cooperadas est\u00e3o com a cooperativa desde o in\u00edcio, contribuindo para a constru\u00e7\u00e3o dessa hist\u00f3ria de resili\u00eancia e impacto social. A Cooperpac n\u00e3o \u00e9 apenas uma cooperativa de trabalho; \u00e9 um s\u00edmbolo de esperan\u00e7a, uni\u00e3o e transforma\u00e7\u00e3o para a comunidade que atende e para todos que dela fazem parte.<\/p>\n","protected":false},"excerpt":{"rendered":"<p>A Cooperpac \u00e9 uma cooperativa de trabalho e coleta seletiva que nasceu em 2008, fruto da determina\u00e7\u00e3o e vis\u00e3o de Valqu\u00edria C\u00e2ndido da Silva e seu marido, Fernando Pereira da Silva. O in\u00edcio foi desafiador: sem recursos ou estrutura adequada, as opera\u00e7\u00f5es come\u00e7aram de forma humilde, na laje da casa do casal. Por\u00e9m, com o [&hellip;]<\/p>\n","protected":false},"author":2,"featured_media":0,"parent":0,"menu_order":0,"comment_status":"closed","ping_status":"closed","template":"","meta":{"_themeisle_gutenberg_block_has_review":false,"footnotes":""},"class_list":["post-35","page","type-page","status-publish","hentry"],"_links":{"self":[{"href":"https:\/\/cooperpac.com\/index.php\/wp-json\/wp\/v2\/pages\/35","targetHints":{"allow":["GET"]}}],"collection":[{"href":"https:\/\/cooperpac.com\/index.php\/wp-json\/wp\/v2\/pages"}],"about":[{"href":"https:\/\/cooperpac.com\/index.php\/wp-json\/wp\/v2\/types\/page"}],"author":[{"embeddable":true,"href":"https:\/\/cooperpac.com\/index.php\/wp-json\/wp\/v2\/users\/2"}],"replies":[{"embeddable":true,"href":"https:\/\/cooperpac.com\/index.php\/wp-json\/wp\/v2\/comments?post=35"}],"version-history":[{"count":10,"href":"https:\/\/cooperpac.com\/index.php\/wp-json\/wp\/v2\/pages\/35\/revisions"}],"predecessor-version":[{"id":648,"href":"https:\/\/cooperpac.com\/index.php\/wp-json\/wp\/v2\/pages\/35\/revisions\/648"}],"wp:attachment":[{"href":"https:\/\/cooperpac.com\/index.php\/wp-json\/wp\/v2\/media?parent=35"}],"curies":[{"name":"wp","href":"https:\/\/api.w.org\/{rel}","templated":true}]}}