{"id":937,"date":"2025-04-09T14:08:42","date_gmt":"2025-04-09T14:08:42","guid":{"rendered":"https:\/\/cooperpac.com\/?page_id=937"},"modified":"2025-04-09T14:08:43","modified_gmt":"2025-04-09T14:08:43","slug":"blog-cooperpac","status":"publish","type":"page","link":"https:\/\/cooperpac.com\/index.php\/blog-cooperpac\/","title":{"rendered":"Blog COOPERPAC"},"content":{"rendered":"\n<figure class=\"wp-block-image size-large is-style-rounded\"><img loading=\"lazy\" decoding=\"async\" width=\"1024\" height=\"768\" src=\"http:\/\/cooperpac.com\/wp-content\/uploads\/2025\/04\/WhatsApp-Image-2025-04-08-at-18.35.57-22-1024x768.jpeg\" alt=\"\" class=\"wp-image-830\" srcset=\"https:\/\/cooperpac.com\/wp-content\/uploads\/2025\/04\/WhatsApp-Image-2025-04-08-at-18.35.57-22-1024x768.jpeg 1024w, https:\/\/cooperpac.com\/wp-content\/uploads\/2025\/04\/WhatsApp-Image-2025-04-08-at-18.35.57-22-300x225.jpeg 300w, https:\/\/cooperpac.com\/wp-content\/uploads\/2025\/04\/WhatsApp-Image-2025-04-08-at-18.35.57-22-768x576.jpeg 768w, https:\/\/cooperpac.com\/wp-content\/uploads\/2025\/04\/WhatsApp-Image-2025-04-08-at-18.35.57-22.jpeg 1280w\" sizes=\"(max-width: 1024px) 100vw, 1024px\" \/><\/figure>\n\n\n<div class=\"is-style-boxed wp-block-themeisle-blocks-posts-grid\" id=\"wp-block-themeisle-blocks-posts-grid-53bf8beb\"><div class=\"is-grid o-posts-grid-columns-3\"><div class=\"o-posts-grid-post-blog o-posts-grid-post-plain\"><div class=\"o-posts-grid-post\"><div class=\"o-posts-grid-post-body is-full\"><span class=\"o-posts-grid-post-category\"><a href=\"https:\/\/cooperpac.com\/index.php\/category\/blog\/\">Blog<\/a><\/span><h4 class=\"o-posts-grid-post-title\"><a href=\"https:\/\/cooperpac.com\/index.php\/2025\/04\/09\/vivencias-de-agroecologia-da-cooperpac\/\">VIV\u00caNCIAS DE AGROECOLOGIA DA COOPERPAC<\/a><\/h4><p class=\"o-posts-grid-post-meta\">Posted on <time datetime=\"2025-04-09T14:17:53-03:00\">09\/04\/2025<\/time> by <a href=\"https:\/\/cooperpac.com\/index.php\/author\/beatriz-maues\/\">Beatriz Mau\u00e9s<\/a><\/p><div class=\"o-posts-grid-post-description\"><p>A Cooperpac tamb\u00e9m realiza viv\u00eancias agroecol\u00f3gicas em s\u00edtios licenciados na regi\u00e3o, o que tamb\u00e9m \u00e9 \u2026<\/p><\/div><\/div><\/div><\/div><div class=\"o-posts-grid-post-blog o-posts-grid-post-plain\"><div class=\"o-posts-grid-post\"><div class=\"o-posts-grid-post-image\"><a href=\"https:\/\/cooperpac.com\/index.php\/2025\/07\/25\/encontro-de-integracao-com-catadores-da-cooperpac-e-catadores-de-parelheiros\/\"><img loading=\"lazy\" decoding=\"async\" width=\"1202\" height=\"680\" src=\"https:\/\/cooperpac.com\/wp-content\/uploads\/2025\/09\/Screenshot-2025-09-23-at-8.58.54-PM.png\" class=\"attachment-full size-full\" alt=\"Encontro de integra\u00e7\u00e3o com catadores da Cooperpac e Catadores de Parelheiros\" srcset=\"https:\/\/cooperpac.com\/wp-content\/uploads\/2025\/09\/Screenshot-2025-09-23-at-8.58.54-PM.png 1202w, https:\/\/cooperpac.com\/wp-content\/uploads\/2025\/09\/Screenshot-2025-09-23-at-8.58.54-PM-300x170.png 300w, https:\/\/cooperpac.com\/wp-content\/uploads\/2025\/09\/Screenshot-2025-09-23-at-8.58.54-PM-1024x579.png 1024w, https:\/\/cooperpac.com\/wp-content\/uploads\/2025\/09\/Screenshot-2025-09-23-at-8.58.54-PM-768x434.png 768w\" sizes=\"(max-width: 1202px) 100vw, 1202px\" \/><\/a><\/div><div class=\"o-posts-grid-post-body\"><span class=\"o-posts-grid-post-category\"><a href=\"https:\/\/cooperpac.com\/index.php\/category\/blog\/\">Blog<\/a><\/span><h4 class=\"o-posts-grid-post-title\"><a href=\"https:\/\/cooperpac.com\/index.php\/2025\/07\/25\/encontro-de-integracao-com-catadores-da-cooperpac-e-catadores-de-parelheiros\/\">Encontro de integra\u00e7\u00e3o com catadores da Cooperpac e Catadores de Parelheiros<\/a><\/h4><p class=\"o-posts-grid-post-meta\">Posted on <time datetime=\"2025-07-25T00:04:38-03:00\">25\/07\/2025<\/time> by <a href=\"https:\/\/cooperpac.com\/index.php\/author\/beatriz-maues\/\">Beatriz Mau\u00e9s<\/a><\/p><div class=\"o-posts-grid-post-description\"><p>Por DAVI Aconteceu no galp\u00e3o da&nbsp;Cooperpac &#8211; Cooperativa de Trabalho e Coleta do Parque Co\u2026<\/p><\/div><\/div><\/div><\/div><div class=\"o-posts-grid-post-blog o-posts-grid-post-plain\"><div class=\"o-posts-grid-post\"><div class=\"o-posts-grid-post-body is-full\"><span class=\"o-posts-grid-post-category\"><a href=\"https:\/\/cooperpac.com\/index.php\/category\/blog\/\">Blog<\/a><\/span><h4 class=\"o-posts-grid-post-title\"><a href=\"https:\/\/cooperpac.com\/index.php\/2025\/06\/11\/teve-materia-sobre-a-coopepac-no-nos-mulheres-da-periferia\/\">Teve mat\u00e9ria sobre a COOPEPAC no &#8220;N\u00f3s, Mulheres da Periferia&#8221;<\/a><\/h4><p class=\"o-posts-grid-post-meta\">Posted on <time datetime=\"2025-06-11T15:02:11-03:00\">11\/06\/2025<\/time> by <a href=\"https:\/\/cooperpac.com\/index.php\/author\/beatriz-maues\/\">Beatriz Mau\u00e9s<\/a><\/p><div class=\"o-posts-grid-post-description\"><p>Jornalista: Beatriz de Oliveira (N\u00f3s, Mulheres da Periferia) 04|06|2025 O que come\u00e7ou na laje de uma\u2026<\/p><\/div><\/div><\/div><\/div><div class=\"o-posts-grid-post-blog o-posts-grid-post-plain\"><div class=\"o-posts-grid-post\"><div class=\"o-posts-grid-post-body is-full\"><span class=\"o-posts-grid-post-category\"><a href=\"https:\/\/cooperpac.com\/index.php\/category\/blog\/\">Blog<\/a><\/span><h4 class=\"o-posts-grid-post-title\"><a href=\"https:\/\/cooperpac.com\/index.php\/2025\/05\/30\/dialogos-sobre-trabalho-e-clima\/\">DI\u00c1LOGOS SOBRE TRABALHO E CLIMA<\/a><\/h4><p class=\"o-posts-grid-post-meta\">Posted on <time datetime=\"2025-05-30T13:54:17-03:00\">30\/05\/2025<\/time> by <a href=\"https:\/\/cooperpac.com\/index.php\/author\/beatriz-maues\/\">Beatriz Mau\u00e9s<\/a><\/p><div class=\"o-posts-grid-post-description\"><p>OUTROS OLHARES PARA A RELA\u00c7\u00c3O ENTRE TRABALHO E CLIMA por VALQUIRIA CANDIDO H\u00e1 anos, n\u00f3s, catadores(a\u2026<\/p><\/div><\/div><\/div><\/div><div class=\"o-posts-grid-post-blog o-posts-grid-post-plain\"><div class=\"o-posts-grid-post\"><div class=\"o-posts-grid-post-body is-full\"><span class=\"o-posts-grid-post-category\"><a href=\"https:\/\/cooperpac.com\/index.php\/category\/blog\/\">Blog<\/a><\/span><h4 class=\"o-posts-grid-post-title\"><a href=\"https:\/\/cooperpac.com\/index.php\/2025\/04\/09\/cozinha-solidaria\/\">COZINHA SOLID\u00c1RIA<\/a><\/h4><p class=\"o-posts-grid-post-meta\">Posted on <time datetime=\"2025-04-09T14:22:54-03:00\">09\/04\/2025<\/time> by <a href=\"https:\/\/cooperpac.com\/index.php\/author\/beatriz-maues\/\">Beatriz Mau\u00e9s<\/a><\/p><div class=\"o-posts-grid-post-description\"><p>O projeto da Cozinha Comunit\u00e1ria da Cooperpac representa uma resposta direta \u00e0s necessidades urgente\u2026<\/p><\/div><\/div><\/div><\/div><div class=\"o-posts-grid-post-blog o-posts-grid-post-plain\"><div class=\"o-posts-grid-post\"><div class=\"o-posts-grid-post-body is-full\"><span class=\"o-posts-grid-post-category\"><a href=\"https:\/\/cooperpac.com\/index.php\/category\/blog\/\">Blog<\/a><\/span><h4 class=\"o-posts-grid-post-title\"><a href=\"https:\/\/cooperpac.com\/index.php\/2025\/04\/09\/parques-naturais-municipais-borore-itaim-jaceguava-e-varginha\/\">Parques Naturais Municipais: Boror\u00e9, Itaim, Jaceguava e Varginha<\/a><\/h4><p class=\"o-posts-grid-post-meta\">Posted on <time datetime=\"2025-04-09T12:50:17-03:00\">09\/04\/2025<\/time> by <a href=\"https:\/\/cooperpac.com\/index.php\/author\/beatriz-maues\/\">Beatriz Mau\u00e9s<\/a><\/p><div class=\"o-posts-grid-post-description\"><p>Visitaram a Cooperpac no dia 27\/02\/2025 os gestores dos Parques Naturais Municipais: Boror\u00e9, Itaim, \u2026<\/p><\/div><\/div><\/div><\/div><\/div> <\/div>","protected":false},"excerpt":{"rendered":"","protected":false},"author":5,"featured_media":830,"parent":0,"menu_order":0,"comment_status":"closed","ping_status":"closed","template":"","meta":{"_themeisle_gutenberg_block_has_review":false,"footnotes":""},"class_list":["post-937","page","type-page","status-publish","has-post-thumbnail","hentry"],"_links":{"self":[{"href":"https:\/\/cooperpac.com\/index.php\/wp-json\/wp\/v2\/pages\/937","targetHints":{"allow":["GET"]}}],"collection":[{"href":"https:\/\/cooperpac.com\/index.php\/wp-json\/wp\/v2\/pages"}],"about":[{"href":"https:\/\/cooperpac.com\/index.php\/wp-json\/wp\/v2\/types\/page"}],"author":[{"embeddable":true,"href":"https:\/\/cooperpac.com\/index.php\/wp-json\/wp\/v2\/users\/5"}],"replies":[{"embeddable":true,"href":"https:\/\/cooperpac.com\/index.php\/wp-json\/wp\/v2\/comments?post=937"}],"version-history":[{"count":1,"href":"https:\/\/cooperpac.com\/index.php\/wp-json\/wp\/v2\/pages\/937\/revisions"}],"predecessor-version":[{"id":938,"href":"https:\/\/cooperpac.com\/index.php\/wp-json\/wp\/v2\/pages\/937\/revisions\/938"}],"wp:featuredmedia":[{"embeddable":true,"href":"https:\/\/cooperpac.com\/index.php\/wp-json\/wp\/v2\/media\/830"}],"wp:attachment":[{"href":"https:\/\/cooperpac.com\/index.php\/wp-json\/wp\/v2\/media?parent=937"}],"curies":[{"name":"wp","href":"https:\/\/api.w.org\/{rel}","templated":true}]}}